{"id":407,"date":"2018-09-21T09:55:56","date_gmt":"2018-09-21T07:55:56","guid":{"rendered":"https:\/\/www.application-cheval.com\/?page_id=407"},"modified":"2018-12-14T10:55:49","modified_gmt":"2018-12-14T09:55:49","slug":"cheval-tv-vos-competitions-en-streaming","status":"publish","type":"page","link":"https:\/\/www.application-cheval.com\/index.php\/cheval-tv-vos-competitions-en-streaming\/","title":{"rendered":"Cheval TV, vos comp\u00e9titions en Streaming"},"content":{"rendered":"<div style='padding-bottom:5px; font-size:25px;' class='av-special-heading av-special-heading-h2  blockquote modern-quote modern-centered   av-inherit-size '><h2 class='av-special-heading-tag '  itemprop=\"headline\"  >Cavali\u00e8res, Cavaliers, aujourd\u2019hui d\u00e9couvrons ensemble<\/h2><div class='special-heading-border'><div class='special-heading-inner-border' ><\/div><\/div><\/div>\n<div class='avia-image-container  av-styling- av-hover-grow   avia-align-center '  itemprop=\"ImageObject\" itemscope=\"itemscope\" itemtype=\"https:\/\/schema.org\/ImageObject\"  ><div class='avia-image-container-inner'><div class='avia-image-overlay-wrap'><img class='avia_image ' src='https:\/\/www.application-cheval.com\/wp-content\/uploads\/2018\/09\/Cheval-TV.jpg' alt='Cheval TV, Equitation, Application cheval, Application Equitation, Chevaux, Fabulhorse' title='Cheval-TV-Application cheval' height=\"470\"width=\"770\"  itemprop=\"thumbnailUrl\"  \/><\/div><\/div><\/div>\n<\/div><\/div><\/div><!-- close content main div --><\/div><\/div><div id='av_section_1' class='avia-section main_color avia-section-default avia-shadow av-section-color-overlay-active avia-bg-style-scroll   av-minimum-height av-minimum-height-100 container_wrap fullsize' style = 'background-color: #000000; background-image: '  ><div class='av-section-color-overlay-wrap'><div class='av-section-color-overlay' style='opacity: 0.2; background-color: #000000; '><\/div><a href='#next-section' title='' class='scroll-down-link  av-custom-scroll-down-color' style='color: #000000;' aria-hidden='true' data-av_icon='\ue877' data-av_iconfont='entypo-fontello'><\/a><div class='container' ><div class='template-page content  av-content-full alpha units'><div class='post-entry post-entry-type-page post-entry-407'><div class='entry-content-wrapper clearfix'>\n<section class=\"av_textblock_section \"  itemscope=\"itemscope\" itemtype=\"https:\/\/schema.org\/CreativeWork\" ><div class='avia_textblock  '  style='font-size:17px; '  itemprop=\"text\" ><p><span style=\"color: #333333;\"><span style=\"color: #ffffff;\">Cavali\u00e8res, Cavalier, aujourd&rsquo;hui\u00a0 d\u00e9couvrons ensemble Cheval TV.<\/span><\/span><\/p>\n<p><span style=\"color: #ffffff;\">Cheval TV est un site de Streaming \u00e9galement disponible sur mobile via leur application du m\u00eame nom.<\/span><\/p>\n<p><span style=\"color: #ffffff;\">Comme son nom l&rsquo;indique, Cheval TV direct propose de suivre en direct les <a href=\"https:\/\/www.fabulhorse.com\/fr\/fonctionnalites\/#mysect3\" target=\"_blank\" rel=\"noopener\">comp\u00e9titions \u00e9questres<\/a> \u00e0 travers le monde.<br \/>\n<\/span><br \/>\n<span style=\"color: #ffffff;\"> Cependant, bien que gratuit, Cheval TV direct n\u00e9cessite une inscription pour acc\u00e9der au contenu des vid\u00e9os.\u00a0<\/span><\/p>\n<p><span style=\"color: #ffffff;\">Regarder Cheval TV permet \u00e9galement \u00e0 l&rsquo;utilisateur d&rsquo;acc\u00e9der \u00e0 des vid\u00e9os tutoriels ainsi qu&rsquo;a plusieurs sortes de vid\u00e9os autour des actualit\u00e9s \u00e9questres.<\/span><\/p>\n<\/div><\/section>\n<div class='avia-image-container  av-styling- av-hover-grow   avia-align-center '  itemprop=\"ImageObject\" itemscope=\"itemscope\" itemtype=\"https:\/\/schema.org\/ImageObject\"  ><div class='avia-image-container-inner'><div class='avia-image-overlay-wrap'><img class='avia_image ' src='https:\/\/www.application-cheval.com\/wp-content\/uploads\/2018\/09\/Cheval-TV-2.jpg' alt='' title='Cheval TV-Application mobile' height=\"960\"width=\"466\"  itemprop=\"thumbnailUrl\"  \/><\/div><\/div><\/div>\n<div class='avia-image-container  av-styling- av-hover-grow   avia-align-center '  itemprop=\"ImageObject\" itemscope=\"itemscope\" itemtype=\"https:\/\/schema.org\/ImageObject\"  ><div class='avia-image-container-inner'><div class='avia-image-overlay-wrap'><img class='avia_image ' src='https:\/\/www.application-cheval.com\/wp-content\/uploads\/2018\/09\/Cheval-TV-3.jpg' alt='' title='Cheval TV-Application t\u00e9l\u00e9phone' height=\"960\"width=\"466\"  itemprop=\"thumbnailUrl\"  \/><\/div><\/div><\/div>\n<div style='height:50px' class='hr hr-invisible  '><span class='hr-inner ' ><span class='hr-inner-style'><\/span><\/span><\/div>\n<section class=\"av_textblock_section \"  itemscope=\"itemscope\" itemtype=\"https:\/\/schema.org\/CreativeWork\" ><div class='avia_textblock  '  style='font-size:17px; '  itemprop=\"text\" ><p>Vous recherchez toujours le meilleur pour votre cheval, et vous souhaitez en savoir toujours plus sur les comp\u00e9titions, ou toutes les actualit\u00e9s \u00e9questres du moment ?<\/p>\n<p>Alors venez d\u00e9couvrir Fabulhorse ! Rendez-vous sur notre page :\u00a0<em><a class=\"row-title\" style=\"font-weight: bold;\" href=\"https:\/\/www.application-cheval.com\/index.php\/application-cheval-competitions\/\" target=\"_blank\" rel=\"noopener\" aria-label=\"\u00ab\u00a0Fabulhorse : Fonctionnalit\u00e9 comp\u00e9titions\u00a0\u00bb (Modifier)\">Fabulhorse : Fonctionnalit\u00e9 comp\u00e9titions<\/a><\/em>\u00a0ou\u00a0<em><a class=\"row-title\" style=\"font-weight: bold;\" href=\"https:\/\/www.application-cheval.com\/index.php\/application-cheval-le-fil-devenements\/\" target=\"_blank\" rel=\"noopener\" aria-label=\"\u00ab\u00a0Fabulhorse : Le fil d\u2019\u00e9v\u00e9nements\u00a0\u00bb (Modifier)\">Fabulhorse : Le fil d\u2019\u00e9v\u00e9nements<\/a><\/em>\u00a0pour d\u00e9couvrir ces deux fonctionnalit\u00e9s\u00a0!<\/p>\n<p>A d\u00e9couvrir \u00e9galement via les trailers suivants !<\/p>\n<\/div><\/section>\n<div class='avia-video avia-video-16-9   av-lazyload-immediate  av-lazyload-video-embed  '   itemprop=\"video\" itemtype=\"https:\/\/schema.org\/VideoObject\"  data-original_url='https:\/\/www.youtube.com\/watch?v=lahF-bdOGNQ' ><script type='text\/html' class='av-video-tmpl'><div class='avia-iframe-wrap'><iframe width=\"1500\" height=\"844\" src=\"https:\/\/www.youtube.com\/embed\/lahF-bdOGNQ?feature=oembed\" frameborder=\"0\" allow=\"autoplay; encrypted-media\" allowfullscreen><\/iframe><\/div><\/script><div class='av-click-to-play-overlay'><div class=\"avia_playpause_icon\"><\/div><\/div><\/div>\n<div class='avia-video avia-video-16-9   av-lazyload-immediate  av-lazyload-video-embed  '   itemprop=\"video\" itemtype=\"https:\/\/schema.org\/VideoObject\"  data-original_url='https:\/\/www.youtube.com\/watch?v=vSYtQOS6-c0' ><script type='text\/html' class='av-video-tmpl'><div class='avia-iframe-wrap'><iframe width=\"1500\" height=\"844\" src=\"https:\/\/www.youtube.com\/embed\/vSYtQOS6-c0?feature=oembed\" frameborder=\"0\" allow=\"autoplay; encrypted-media\" allowfullscreen><\/iframe><\/div><\/script><div class='av-click-to-play-overlay'><div class=\"avia_playpause_icon\"><\/div><\/div><\/div>\n<div class='avia-buttonrow-wrap avia-buttonrow-center  '>\n<a href='https:\/\/itunes.apple.com\/us\/app\/fabulhorse\/id1434713557?mt=8&amp;ign-mpt=uo%3D4'  class='avia-button  avia-icon_select-yes-left-icon avia-color-theme-color avia-size-large '  target=\"_blank\"  style='margin-bottom:5px; margin-left:3px; margin-right:3px; ' ><span class='avia_button_icon avia_button_icon_left ' aria-hidden='true' data-av_icon='\ue920' data-av_iconfont='entypo-fontello'><\/span><span class='avia_iconbox_title' >Download on the Appstore<\/span><\/a>\n<a href='https:\/\/play.google.com\/store\/apps\/details?id=com.fabulhorse.app'  class='avia-button  avia-icon_select-yes-left-icon avia-color-black avia-size-large '  target=\"_blank\"  style='margin-bottom:5px; margin-left:3px; margin-right:3px; ' ><span class='avia_button_icon avia_button_icon_left ' aria-hidden='true' data-av_icon='\ue91c' data-av_iconfont='entypo-fontello'><\/span><span class='avia_iconbox_title' >Get it on Google Play<\/span><\/a>\n<\/div>\n<div  class='hr hr-default  '><span class='hr-inner ' ><span class='hr-inner-style'><\/span><\/span><\/div><\/p>\n<div class='avia-builder-widget-area clearfix '><section id=\"pages-4\" class=\"widget clearfix widget_pages\"><h3 class=\"widgettitle\">Pages<\/h3>\n\t\t\t<ul>\n\t\t\t\t<li class=\"page_item page-item-2\"><a href=\"https:\/\/www.application-cheval.com\/\">Application cheval<\/a><\/li>\n<li class=\"page_item page-item-424\"><a href=\"https:\/\/www.application-cheval.com\/index.php\/arioneo\/\">ARIONEO, Le capteur de votre cheval<\/a><\/li>\n<li class=\"page_item page-item-282\"><a href=\"https:\/\/www.application-cheval.com\/index.php\/b-horse-loutil-de-gestion-de-votre-cheval\/\">B-Horse, l&rsquo;outil de gestion de votre cheval<\/a><\/li>\n<li class=\"page_item page-item-346\"><a href=\"https:\/\/www.application-cheval.com\/index.php\/cheval-annonce-la-reference-des-petites-annonces\/\">Cheval annonce, la r\u00e9f\u00e9rence des petites annonces<\/a><\/li>\n<li class=\"page_item page-item-407\"><a href=\"https:\/\/www.application-cheval.com\/index.php\/cheval-tv-vos-competitions-en-streaming\/\">Cheval TV, vos comp\u00e9titions en Streaming<\/a><\/li>\n<li class=\"page_item page-item-519\"><a href=\"https:\/\/www.application-cheval.com\/index.php\/contact-application-mobile-cheval\/\">Contact<\/a><\/li>\n<li class=\"page_item page-item-345\"><a href=\"https:\/\/www.application-cheval.com\/index.php\/destrier-bien-nourrir-son-cheval\/\">Destrier &#8211; Bien nourrir son cheval<\/a><\/li>\n<li class=\"page_item page-item-265\"><a href=\"https:\/\/www.application-cheval.com\/index.php\/equisense-motion-pack\/\">Equisense motion pack<\/a><\/li>\n<li class=\"page_item page-item-285\"><a href=\"https:\/\/www.application-cheval.com\/index.php\/equisure\/\">Equisure, la s\u00e9curit\u00e9 du cavalier et de son cheval<\/a><\/li>\n<li class=\"page_item page-item-724\"><a href=\"https:\/\/www.application-cheval.com\/index.php\/fabulhorse-pour-vous-et-votre-cheval\/\">Fabulhorse &#8211; Pour vous et votre cheval !<\/a><\/li>\n<li class=\"page_item page-item-620\"><a href=\"https:\/\/www.application-cheval.com\/index.php\/application-cheval-competitions\/\">Fabulhorse : Fonctionnalit\u00e9 comp\u00e9titions<\/a><\/li>\n<li class=\"page_item page-item-639\"><a href=\"https:\/\/www.application-cheval.com\/index.php\/application-cheval-fonction-couts\/\">Fabulhorse : Fonctionnalit\u00e9 co\u00fbts<\/a><\/li>\n<li class=\"page_item page-item-626\"><a href=\"https:\/\/www.application-cheval.com\/index.php\/application-cheval-sante\/\">Fabulhorse : Fonctionnalit\u00e9 sant\u00e9<\/a><\/li>\n<li class=\"page_item page-item-632\"><a href=\"https:\/\/www.application-cheval.com\/index.php\/application-cheval-fonction-transport\/\">Fabulhorse : Fonctionnalit\u00e9 transport<\/a><\/li>\n<li class=\"page_item page-item-646\"><a href=\"https:\/\/www.application-cheval.com\/index.php\/application-cheval-le-fil-devenements\/\">Fabulhorse : Le fil d&rsquo;\u00e9v\u00e9nements<\/a><\/li>\n<li class=\"page_item page-item-603\"><a href=\"https:\/\/www.application-cheval.com\/index.php\/application-cheval-promenades-et-entrainements\/\">Fabulhorse : Sorties et entra\u00eenements<\/a><\/li>\n<li class=\"page_item page-item-936\"><a href=\"https:\/\/www.application-cheval.com\/index.php\/horse-republic\/\">Horse Republic : le nouveau moteur de recherche des comp\u00e9titions \u00e9questres<\/a><\/li>\n<li class=\"page_item page-item-435\"><a href=\"https:\/\/www.application-cheval.com\/index.php\/kavale-by-kephyre\/\">Kavale by Kephyre, le kick-starter \u00e0 30.000\u20ac<\/a><\/li>\n<li class=\"page_item page-item-1461\"><a href=\"https:\/\/www.application-cheval.com\/index.php\/leperon\/\">L&rsquo;EPERON : Suivez toute l&rsquo;information sur les sports \u00e9questres<\/a><\/li>\n<li class=\"page_item page-item-1487\"><a href=\"https:\/\/www.application-cheval.com\/index.php\/pegasebuzz-linformation-qui-vous-passionne\/\">PegaseBuzz, l&rsquo;information qui vous passionne<\/a><\/li>\n<li class=\"page_item page-item-264\"><a href=\"https:\/\/www.application-cheval.com\/index.php\/royal-horse\/\">Royal Horse<\/a><\/li>\n<li class=\"page_item page-item-321\"><a href=\"https:\/\/www.application-cheval.com\/index.php\/runtastic\/\">Runtastic, l&rsquo;application multisportive<\/a><\/li>\n<li class=\"page_item page-item-889\"><a href=\"https:\/\/www.application-cheval.com\/index.php\/seaver-ou-equisense-le-comparatif\/\">Seaver ou Equisense, le comparatif !<\/a><\/li>\n<li class=\"page_item page-item-369\"><a href=\"https:\/\/www.application-cheval.com\/index.php\/seaver\/\">Seaver, les objets connect\u00e9s les plus aboutis \u00e0 ce jour<\/a><\/li>\n<li class=\"page_item page-item-322\"><a href=\"https:\/\/www.application-cheval.com\/index.php\/sensetrails\/\">Sensetrails &#8211; equiparcours<\/a><\/li>\n<li class=\"page_item page-item-196\"><a href=\"https:\/\/www.application-cheval.com\/index.php\/u-dada\/\">U-Dada gestion de son cheval mais pas que<\/a><\/li>\n\t\t\t<\/ul>\n\n\t\t\t<span class=\"seperator extralight-border\"><\/span><\/section><\/div>\n","protected":false},"excerpt":{"rendered":"","protected":false},"author":1,"featured_media":0,"parent":0,"menu_order":0,"comment_status":"closed","ping_status":"closed","template":"","meta":{"footnotes":""},"class_list":["post-407","page","type-page","status-publish","hentry"],"yoast_head":"<!-- This site is optimized with the Yoast SEO plugin v24.9 - https:\/\/yoast.com\/wordpress\/plugins\/seo\/ -->\n<title>Cheval TV, vos comp\u00e9titions en Streaming - Application Cheval<\/title>\n<meta name=\"description\" content=\"Application-Cheval | Cheval TV, vos comp\u00e9titions en Streaming disponible \u00e0 tout moment et gratuitement avec le soutien de la FFE\" \/>\n<meta name=\"robots\" content=\"index, follow, max-snippet:-1, max-image-preview:large, max-video-preview:-1\" \/>\n<link rel=\"canonical\" href=\"https:\/\/www.application-cheval.com\/index.php\/cheval-tv-vos-competitions-en-streaming\/\" \/>\n<meta property=\"og:locale\" content=\"fr_FR\" \/>\n<meta property=\"og:type\" content=\"article\" \/>\n<meta property=\"og:title\" content=\"Cheval TV, vos comp\u00e9titions en Streaming - Application Cheval\" \/>\n<meta property=\"og:description\" content=\"Application-Cheval | Cheval TV, vos comp\u00e9titions en Streaming disponible \u00e0 tout moment et gratuitement avec le soutien de la FFE\" \/>\n<meta property=\"og:url\" content=\"https:\/\/www.application-cheval.com\/index.php\/cheval-tv-vos-competitions-en-streaming\/\" \/>\n<meta property=\"og:site_name\" content=\"Application Cheval\" \/>\n<meta property=\"article:modified_time\" content=\"2018-12-14T09:55:49+00:00\" \/>\n<meta name=\"twitter:card\" content=\"summary_large_image\" \/>\n<meta name=\"twitter:label1\" content=\"Dur\u00e9e de lecture estim\u00e9e\" \/>\n\t<meta name=\"twitter:data1\" content=\"4 minutes\" \/>\n<script type=\"application\/ld+json\" class=\"yoast-schema-graph\">{\"@context\":\"https:\/\/schema.org\",\"@graph\":[{\"@type\":\"WebPage\",\"@id\":\"https:\/\/www.application-cheval.com\/index.php\/cheval-tv-vos-competitions-en-streaming\/\",\"url\":\"https:\/\/www.application-cheval.com\/index.php\/cheval-tv-vos-competitions-en-streaming\/\",\"name\":\"Cheval TV, vos comp\u00e9titions en Streaming - Application Cheval\",\"isPartOf\":{\"@id\":\"https:\/\/www.application-cheval.com\/#website\"},\"datePublished\":\"2018-09-21T07:55:56+00:00\",\"dateModified\":\"2018-12-14T09:55:49+00:00\",\"description\":\"Application-Cheval | Cheval TV, vos comp\u00e9titions en Streaming disponible \u00e0 tout moment et gratuitement avec le soutien de la FFE\",\"breadcrumb\":{\"@id\":\"https:\/\/www.application-cheval.com\/index.php\/cheval-tv-vos-competitions-en-streaming\/#breadcrumb\"},\"inLanguage\":\"fr-FR\",\"potentialAction\":[{\"@type\":\"ReadAction\",\"target\":[\"https:\/\/www.application-cheval.com\/index.php\/cheval-tv-vos-competitions-en-streaming\/\"]}]},{\"@type\":\"BreadcrumbList\",\"@id\":\"https:\/\/www.application-cheval.com\/index.php\/cheval-tv-vos-competitions-en-streaming\/#breadcrumb\",\"itemListElement\":[{\"@type\":\"ListItem\",\"position\":1,\"name\":\"Accueil\",\"item\":\"https:\/\/www.application-cheval.com\/\"},{\"@type\":\"ListItem\",\"position\":2,\"name\":\"Cheval TV, vos comp\u00e9titions en Streaming\"}]},{\"@type\":\"WebSite\",\"@id\":\"https:\/\/www.application-cheval.com\/#website\",\"url\":\"https:\/\/www.application-cheval.com\/\",\"name\":\"Application Cheval\",\"description\":\"Les meilleurs applications mobiles pour le cheval, le cavalier et l&#039;univers \u00e9questre\",\"publisher\":{\"@id\":\"https:\/\/www.application-cheval.com\/#organization\"},\"potentialAction\":[{\"@type\":\"SearchAction\",\"target\":{\"@type\":\"EntryPoint\",\"urlTemplate\":\"https:\/\/www.application-cheval.com\/?s={search_term_string}\"},\"query-input\":{\"@type\":\"PropertyValueSpecification\",\"valueRequired\":true,\"valueName\":\"search_term_string\"}}],\"inLanguage\":\"fr-FR\"},{\"@type\":\"Organization\",\"@id\":\"https:\/\/www.application-cheval.com\/#organization\",\"name\":\"Application Mobile Cheval\",\"url\":\"https:\/\/www.application-cheval.com\/\",\"logo\":{\"@type\":\"ImageObject\",\"inLanguage\":\"fr-FR\",\"@id\":\"https:\/\/www.application-cheval.com\/#\/schema\/logo\/image\/\",\"url\":\"https:\/\/www.application-cheval.com\/wp-content\/uploads\/2018\/09\/application-cheval-mobile-logo.jpg\",\"contentUrl\":\"https:\/\/www.application-cheval.com\/wp-content\/uploads\/2018\/09\/application-cheval-mobile-logo.jpg\",\"width\":340,\"height\":156,\"caption\":\"Application Mobile Cheval\"},\"image\":{\"@id\":\"https:\/\/www.application-cheval.com\/#\/schema\/logo\/image\/\"}}]}<\/script>\n<!-- \/ Yoast SEO plugin. -->","yoast_head_json":{"title":"Cheval TV, vos comp\u00e9titions en Streaming - Application Cheval","description":"Application-Cheval | Cheval TV, vos comp\u00e9titions en Streaming disponible \u00e0 tout moment et gratuitement avec le soutien de la FFE","robots":{"index":"index","follow":"follow","max-snippet":"max-snippet:-1","max-image-preview":"max-image-preview:large","max-video-preview":"max-video-preview:-1"},"canonical":"https:\/\/www.application-cheval.com\/index.php\/cheval-tv-vos-competitions-en-streaming\/","og_locale":"fr_FR","og_type":"article","og_title":"Cheval TV, vos comp\u00e9titions en Streaming - Application Cheval","og_description":"Application-Cheval | Cheval TV, vos comp\u00e9titions en Streaming disponible \u00e0 tout moment et gratuitement avec le soutien de la FFE","og_url":"https:\/\/www.application-cheval.com\/index.php\/cheval-tv-vos-competitions-en-streaming\/","og_site_name":"Application Cheval","article_modified_time":"2018-12-14T09:55:49+00:00","twitter_card":"summary_large_image","twitter_misc":{"Dur\u00e9e de lecture estim\u00e9e":"4 minutes"},"schema":{"@context":"https:\/\/schema.org","@graph":[{"@type":"WebPage","@id":"https:\/\/www.application-cheval.com\/index.php\/cheval-tv-vos-competitions-en-streaming\/","url":"https:\/\/www.application-cheval.com\/index.php\/cheval-tv-vos-competitions-en-streaming\/","name":"Cheval TV, vos comp\u00e9titions en Streaming - Application Cheval","isPartOf":{"@id":"https:\/\/www.application-cheval.com\/#website"},"datePublished":"2018-09-21T07:55:56+00:00","dateModified":"2018-12-14T09:55:49+00:00","description":"Application-Cheval | Cheval TV, vos comp\u00e9titions en Streaming disponible \u00e0 tout moment et gratuitement avec le soutien de la FFE","breadcrumb":{"@id":"https:\/\/www.application-cheval.com\/index.php\/cheval-tv-vos-competitions-en-streaming\/#breadcrumb"},"inLanguage":"fr-FR","potentialAction":[{"@type":"ReadAction","target":["https:\/\/www.application-cheval.com\/index.php\/cheval-tv-vos-competitions-en-streaming\/"]}]},{"@type":"BreadcrumbList","@id":"https:\/\/www.application-cheval.com\/index.php\/cheval-tv-vos-competitions-en-streaming\/#breadcrumb","itemListElement":[{"@type":"ListItem","position":1,"name":"Accueil","item":"https:\/\/www.application-cheval.com\/"},{"@type":"ListItem","position":2,"name":"Cheval TV, vos comp\u00e9titions en Streaming"}]},{"@type":"WebSite","@id":"https:\/\/www.application-cheval.com\/#website","url":"https:\/\/www.application-cheval.com\/","name":"Application Cheval","description":"Les meilleurs applications mobiles pour le cheval, le cavalier et l&#039;univers \u00e9questre","publisher":{"@id":"https:\/\/www.application-cheval.com\/#organization"},"potentialAction":[{"@type":"SearchAction","target":{"@type":"EntryPoint","urlTemplate":"https:\/\/www.application-cheval.com\/?s={search_term_string}"},"query-input":{"@type":"PropertyValueSpecification","valueRequired":true,"valueName":"search_term_string"}}],"inLanguage":"fr-FR"},{"@type":"Organization","@id":"https:\/\/www.application-cheval.com\/#organization","name":"Application Mobile Cheval","url":"https:\/\/www.application-cheval.com\/","logo":{"@type":"ImageObject","inLanguage":"fr-FR","@id":"https:\/\/www.application-cheval.com\/#\/schema\/logo\/image\/","url":"https:\/\/www.application-cheval.com\/wp-content\/uploads\/2018\/09\/application-cheval-mobile-logo.jpg","contentUrl":"https:\/\/www.application-cheval.com\/wp-content\/uploads\/2018\/09\/application-cheval-mobile-logo.jpg","width":340,"height":156,"caption":"Application Mobile Cheval"},"image":{"@id":"https:\/\/www.application-cheval.com\/#\/schema\/logo\/image\/"}}]}},"_links":{"self":[{"href":"https:\/\/www.application-cheval.com\/index.php\/wp-json\/wp\/v2\/pages\/407","targetHints":{"allow":["GET"]}}],"collection":[{"href":"https:\/\/www.application-cheval.com\/index.php\/wp-json\/wp\/v2\/pages"}],"about":[{"href":"https:\/\/www.application-cheval.com\/index.php\/wp-json\/wp\/v2\/types\/page"}],"author":[{"embeddable":true,"href":"https:\/\/www.application-cheval.com\/index.php\/wp-json\/wp\/v2\/users\/1"}],"replies":[{"embeddable":true,"href":"https:\/\/www.application-cheval.com\/index.php\/wp-json\/wp\/v2\/comments?post=407"}],"version-history":[{"count":20,"href":"https:\/\/www.application-cheval.com\/index.php\/wp-json\/wp\/v2\/pages\/407\/revisions"}],"predecessor-version":[{"id":913,"href":"https:\/\/www.application-cheval.com\/index.php\/wp-json\/wp\/v2\/pages\/407\/revisions\/913"}],"wp:attachment":[{"href":"https:\/\/www.application-cheval.com\/index.php\/wp-json\/wp\/v2\/media?parent=407"}],"curies":[{"name":"wp","href":"https:\/\/api.w.org\/{rel}","templated":true}]}}