{"id":519,"date":"2018-09-23T15:24:00","date_gmt":"2018-09-23T13:24:00","guid":{"rendered":"https:\/\/www.application-cheval.com\/?page_id=519"},"modified":"2021-02-03T10:14:20","modified_gmt":"2021-02-03T09:14:20","slug":"contact-application-mobile-cheval","status":"publish","type":"page","link":"https:\/\/www.application-cheval.com\/index.php\/contact-application-mobile-cheval\/","title":{"rendered":"Contact"},"content":{"rendered":"<section class=\"av_textblock_section \"  itemscope=\"itemscope\" itemtype=\"https:\/\/schema.org\/CreativeWork\" ><div class='avia_textblock  '   itemprop=\"text\" ><blockquote>\n<h1>Votre application pour les fans de cheval n&rsquo;est pas dans notre site !<\/h1>\n<h1>Oups. Nous sommes vraiment d\u00e9sol\u00e9 !<\/h1>\n<h1><\/h1>\n<h1>Nous allons corriger cet oubli inacceptable imm\u00e9diatement avec vous, envoyez-nous vos informations.<\/h1>\n<\/blockquote>\n<h2><\/h2>\n<h2><\/h2>\n<\/div><\/section>\n<form action=\"https:\/\/www.application-cheval.com\/index.php\/contact-application-mobile-cheval\/\" method=\"post\"  class=\"avia_ajax_form av-form-labels-visible    \" data-avia-form-id=\"1\" data-avia-redirect=''><fieldset><h3>Envoyez-nous un mail<\/h3><p class=' first_form  form_element form_fullwidth' id='element_avia_1_1'><label for=\"avia_1_1\">Nom <abbr class=\"required\" title=\"requis\">*<\/abbr><\/label> <input name=\"avia_1_1\" class=\"text_input is_empty\" type=\"text\" id=\"avia_1_1\" value=\"\" \/><\/p><p class=' first_form  form_element form_fullwidth' id='element_avia_2_1'><label for=\"avia_2_1\">Adresse mail <abbr class=\"required\" title=\"requis\">*<\/abbr><\/label> <input name=\"avia_2_1\" class=\"text_input is_email\" type=\"text\" id=\"avia_2_1\" value=\"\" \/><\/p><p class=' first_form  form_element form_fullwidth' id='element_avia_3_1'><label for=\"avia_3_1\">Sujet <abbr class=\"required\" title=\"requis\">*<\/abbr><\/label> <input name=\"avia_3_1\" class=\"text_input is_empty\" type=\"text\" id=\"avia_3_1\" value=\"\" \/><\/p><p class=' first_form  form_element form_fullwidth' id='element_avia_4_1'>\t <label for=\"avia_4_1\" class=\"textare_label hidden textare_label_avia_4_1\">Message <abbr class=\"required\" title=\"requis\">*<\/abbr><\/label>\t <textarea  name=\"avia_4_1\" class=\"text_area is_empty\" cols=\"40\" rows=\"7\" id=\"avia_4_1\" ><\/textarea><\/p><p class=\"hidden\"><input type=\"text\" name=\"avia_5_1\" class=\"hidden \" id=\"avia_5_1\" value=\"\" \/><\/p><p class='' id='element_avia_6_1'>    <span class='value_verifier_label'>1 + 3 = ?<\/span>    <input name=\"avia_6_1_verifier\" type=\"hidden\" id=\"avia_6_1_verifier\" value=\"776544747\"\/><label for=\"avia_6_1\">Pour prouver que vous \u00eates un humain, donnez le r\u00e9sultat de cette simple op\u00e9ration <abbr class=\"required\" title=\"requis\">*<\/abbr><\/label>    <input name=\"avia_6_1\" class=\"text_input captcha\" type=\"text\" id=\"avia_6_1\" value=\"\"\/><\/p><p class='av_form_privacy_check av_contact_privacy_check first_form  form_element form_fullwidth' id='element_avia_7_1'>    <input  name=\"avia_7_1\" class=\"input_checkbox is_empty\" type=\"checkbox\" id=\"avia_7_1\" value=\"true\"\/><label class=\"input_checkbox_label\" for=\"avia_7_1\">I agree to the terms and conditions laid out in the <a href='https:\/\/www.application-cheval.com\/'>Privacy Policy<\/a> <abbr class=\"required\" title=\"requis\">*<\/abbr><\/label><\/p><p class=\"form_element \"><input type=\"hidden\" value=\"1\" name=\"avia_generated_form1\" \/><input type=\"submit\" value=\"Valider\" class=\"button\"  data-sending-label=\"Envoi\"\/><\/p><\/fieldset><\/form><div id=\"ajaxresponse_1\" class=\"ajaxresponse ajaxresponse_1 hidden\"><\/div>\n<div  data-autoplay='1'  data-interval='5'  data-animation='fade'  data-hoverpause='1'  class='avia-testimonial-wrapper avia-grid-testimonials avia-grid-2-testimonials avia_animate_when_almost_visible   '>\n<section class ='avia-testimonial-row'><div class='avia-testimonial av_one_half flex_column no_margin avia-testimonial-row-1 avia-first-testimonial'  itemscope=\"itemscope\" itemtype=\"https:\/\/schema.org\/Person\" ><div class='avia-testimonial_inner'><div class='avia-testimonial-content '    itemscope=\"itemscope\" itemtype=\"https:\/\/schema.org\/CreativeWork\" ><h2>Vous souhaitez que l&rsquo;on ajoute un lien vers votre site internet ou votre Apple Store Google Play Store ?<\/h2>\n<h2>Rien de plus simple, ce sera avec plaisir, nous pouvons le faire moyennant un soutien financier \u00e0 notre site www.application-cheval.com<\/h2>\n<\/div><div class='avia-testimonial-meta'><div class='avia-testimonial-arrow-wrap'><div class='avia-arrow'><\/div><\/div><div class='avia-testimonial-meta-mini'><\/div><\/div><\/div><\/div>\n<\/section><\/div>\n<section class=\"av_textblock_section \"  itemscope=\"itemscope\" itemtype=\"https:\/\/schema.org\/CreativeWork\" ><div class='avia_textblock  '   itemprop=\"text\" ><div class=\"main_color container_wrap_first container_wrap fullsize\">\n<div class=\"container\">\n<div class=\"post-entry post-entry-type-page post-entry-519\">\n<div class=\"entry-content-wrapper clearfix\">\n<section class=\"av_textblock_section \">\n<div class=\"avia_textblock \">\n<h6>Application-cheval.com, une marque Horse World Capital, 1300 rue de xertigny\u00a088390 Girancourt \u2013 France<\/h6>\n<h6>Conception du site application cheval : Application-cheval est une marque de Horseworld Capital\u00ae<\/h6>\n<h6>Directeur de Publication : Monsieur Quentin H.<\/h6>\n<h6>H\u00e9bergement : OVH SAS AU CAPITAL DE 10 000 000\u20ac<br \/>\nRCS Roubaix<br \/>\nTourcoing 424 761 419 00045<br \/>\nCode APE 6202A<br \/>\nN\u00b0 TVA: FR 22 424 761 419<br \/>\nSi\u00e8ge social : 2 rue Kellermann &#8211; 59100 Roubaix-France<\/h6>\n<\/div>\n<\/section>\n<\/div>\n<\/div>\n<\/div>\n<\/div>\n<div id=\"footer\" class=\"container_wrap footer_color\">\n<div class=\"container\"><\/div>\n<\/div>\n<\/div><\/section>\n<section class=\"av_textblock_section \"  itemscope=\"itemscope\" itemtype=\"https:\/\/schema.org\/CreativeWork\" ><div class='avia_textblock  '   itemprop=\"text\" ><\/div><\/section>\n","protected":false},"excerpt":{"rendered":"","protected":false},"author":1,"featured_media":0,"parent":0,"menu_order":0,"comment_status":"closed","ping_status":"closed","template":"","meta":{"footnotes":""},"class_list":["post-519","page","type-page","status-publish","hentry"],"yoast_head":"<!-- This site is optimized with the Yoast SEO plugin v24.9 - https:\/\/yoast.com\/wordpress\/plugins\/seo\/ -->\n<title>Contact - Application Cheval<\/title>\n<meta name=\"description\" content=\"Contactez nous pour r\u00e9f\u00e9rencer votre application mobile dans notre site ! Ainsi milliers de cavaliers et fans d&#039;\u00e9quitation vous d\u00e9couvriront.\" \/>\n<meta name=\"robots\" content=\"index, follow, max-snippet:-1, max-image-preview:large, max-video-preview:-1\" \/>\n<link rel=\"canonical\" href=\"https:\/\/www.application-cheval.com\/index.php\/contact-application-mobile-cheval\/\" \/>\n<meta property=\"og:locale\" content=\"fr_FR\" \/>\n<meta property=\"og:type\" content=\"article\" \/>\n<meta property=\"og:title\" content=\"Contact - Application Cheval\" \/>\n<meta property=\"og:description\" content=\"Contactez nous pour r\u00e9f\u00e9rencer votre application mobile dans notre site ! Ainsi milliers de cavaliers et fans d&#039;\u00e9quitation vous d\u00e9couvriront.\" \/>\n<meta property=\"og:url\" content=\"https:\/\/www.application-cheval.com\/index.php\/contact-application-mobile-cheval\/\" \/>\n<meta property=\"og:site_name\" content=\"Application Cheval\" \/>\n<meta property=\"article:modified_time\" content=\"2021-02-03T09:14:20+00:00\" \/>\n<meta name=\"twitter:card\" content=\"summary_large_image\" \/>\n<meta name=\"twitter:label1\" content=\"Dur\u00e9e de lecture estim\u00e9e\" \/>\n\t<meta name=\"twitter:data1\" content=\"2 minutes\" \/>\n<script type=\"application\/ld+json\" class=\"yoast-schema-graph\">{\"@context\":\"https:\/\/schema.org\",\"@graph\":[{\"@type\":\"WebPage\",\"@id\":\"https:\/\/www.application-cheval.com\/index.php\/contact-application-mobile-cheval\/\",\"url\":\"https:\/\/www.application-cheval.com\/index.php\/contact-application-mobile-cheval\/\",\"name\":\"Contact - Application Cheval\",\"isPartOf\":{\"@id\":\"https:\/\/www.application-cheval.com\/#website\"},\"datePublished\":\"2018-09-23T13:24:00+00:00\",\"dateModified\":\"2021-02-03T09:14:20+00:00\",\"description\":\"Contactez nous pour r\u00e9f\u00e9rencer votre application mobile dans notre site ! Ainsi milliers de cavaliers et fans d'\u00e9quitation vous d\u00e9couvriront.\",\"breadcrumb\":{\"@id\":\"https:\/\/www.application-cheval.com\/index.php\/contact-application-mobile-cheval\/#breadcrumb\"},\"inLanguage\":\"fr-FR\",\"potentialAction\":[{\"@type\":\"ReadAction\",\"target\":[\"https:\/\/www.application-cheval.com\/index.php\/contact-application-mobile-cheval\/\"]}]},{\"@type\":\"BreadcrumbList\",\"@id\":\"https:\/\/www.application-cheval.com\/index.php\/contact-application-mobile-cheval\/#breadcrumb\",\"itemListElement\":[{\"@type\":\"ListItem\",\"position\":1,\"name\":\"Accueil\",\"item\":\"https:\/\/www.application-cheval.com\/\"},{\"@type\":\"ListItem\",\"position\":2,\"name\":\"Contact\"}]},{\"@type\":\"WebSite\",\"@id\":\"https:\/\/www.application-cheval.com\/#website\",\"url\":\"https:\/\/www.application-cheval.com\/\",\"name\":\"Application Cheval\",\"description\":\"Les meilleurs applications mobiles pour le cheval, le cavalier et l&#039;univers \u00e9questre\",\"publisher\":{\"@id\":\"https:\/\/www.application-cheval.com\/#organization\"},\"potentialAction\":[{\"@type\":\"SearchAction\",\"target\":{\"@type\":\"EntryPoint\",\"urlTemplate\":\"https:\/\/www.application-cheval.com\/?s={search_term_string}\"},\"query-input\":{\"@type\":\"PropertyValueSpecification\",\"valueRequired\":true,\"valueName\":\"search_term_string\"}}],\"inLanguage\":\"fr-FR\"},{\"@type\":\"Organization\",\"@id\":\"https:\/\/www.application-cheval.com\/#organization\",\"name\":\"Application Mobile Cheval\",\"url\":\"https:\/\/www.application-cheval.com\/\",\"logo\":{\"@type\":\"ImageObject\",\"inLanguage\":\"fr-FR\",\"@id\":\"https:\/\/www.application-cheval.com\/#\/schema\/logo\/image\/\",\"url\":\"https:\/\/www.application-cheval.com\/wp-content\/uploads\/2018\/09\/application-cheval-mobile-logo.jpg\",\"contentUrl\":\"https:\/\/www.application-cheval.com\/wp-content\/uploads\/2018\/09\/application-cheval-mobile-logo.jpg\",\"width\":340,\"height\":156,\"caption\":\"Application Mobile Cheval\"},\"image\":{\"@id\":\"https:\/\/www.application-cheval.com\/#\/schema\/logo\/image\/\"}}]}<\/script>\n<!-- \/ Yoast SEO plugin. -->","yoast_head_json":{"title":"Contact - Application Cheval","description":"Contactez nous pour r\u00e9f\u00e9rencer votre application mobile dans notre site ! Ainsi milliers de cavaliers et fans d'\u00e9quitation vous d\u00e9couvriront.","robots":{"index":"index","follow":"follow","max-snippet":"max-snippet:-1","max-image-preview":"max-image-preview:large","max-video-preview":"max-video-preview:-1"},"canonical":"https:\/\/www.application-cheval.com\/index.php\/contact-application-mobile-cheval\/","og_locale":"fr_FR","og_type":"article","og_title":"Contact - Application Cheval","og_description":"Contactez nous pour r\u00e9f\u00e9rencer votre application mobile dans notre site ! Ainsi milliers de cavaliers et fans d'\u00e9quitation vous d\u00e9couvriront.","og_url":"https:\/\/www.application-cheval.com\/index.php\/contact-application-mobile-cheval\/","og_site_name":"Application Cheval","article_modified_time":"2021-02-03T09:14:20+00:00","twitter_card":"summary_large_image","twitter_misc":{"Dur\u00e9e de lecture estim\u00e9e":"2 minutes"},"schema":{"@context":"https:\/\/schema.org","@graph":[{"@type":"WebPage","@id":"https:\/\/www.application-cheval.com\/index.php\/contact-application-mobile-cheval\/","url":"https:\/\/www.application-cheval.com\/index.php\/contact-application-mobile-cheval\/","name":"Contact - Application Cheval","isPartOf":{"@id":"https:\/\/www.application-cheval.com\/#website"},"datePublished":"2018-09-23T13:24:00+00:00","dateModified":"2021-02-03T09:14:20+00:00","description":"Contactez nous pour r\u00e9f\u00e9rencer votre application mobile dans notre site ! Ainsi milliers de cavaliers et fans d'\u00e9quitation vous d\u00e9couvriront.","breadcrumb":{"@id":"https:\/\/www.application-cheval.com\/index.php\/contact-application-mobile-cheval\/#breadcrumb"},"inLanguage":"fr-FR","potentialAction":[{"@type":"ReadAction","target":["https:\/\/www.application-cheval.com\/index.php\/contact-application-mobile-cheval\/"]}]},{"@type":"BreadcrumbList","@id":"https:\/\/www.application-cheval.com\/index.php\/contact-application-mobile-cheval\/#breadcrumb","itemListElement":[{"@type":"ListItem","position":1,"name":"Accueil","item":"https:\/\/www.application-cheval.com\/"},{"@type":"ListItem","position":2,"name":"Contact"}]},{"@type":"WebSite","@id":"https:\/\/www.application-cheval.com\/#website","url":"https:\/\/www.application-cheval.com\/","name":"Application Cheval","description":"Les meilleurs applications mobiles pour le cheval, le cavalier et l&#039;univers \u00e9questre","publisher":{"@id":"https:\/\/www.application-cheval.com\/#organization"},"potentialAction":[{"@type":"SearchAction","target":{"@type":"EntryPoint","urlTemplate":"https:\/\/www.application-cheval.com\/?s={search_term_string}"},"query-input":{"@type":"PropertyValueSpecification","valueRequired":true,"valueName":"search_term_string"}}],"inLanguage":"fr-FR"},{"@type":"Organization","@id":"https:\/\/www.application-cheval.com\/#organization","name":"Application Mobile Cheval","url":"https:\/\/www.application-cheval.com\/","logo":{"@type":"ImageObject","inLanguage":"fr-FR","@id":"https:\/\/www.application-cheval.com\/#\/schema\/logo\/image\/","url":"https:\/\/www.application-cheval.com\/wp-content\/uploads\/2018\/09\/application-cheval-mobile-logo.jpg","contentUrl":"https:\/\/www.application-cheval.com\/wp-content\/uploads\/2018\/09\/application-cheval-mobile-logo.jpg","width":340,"height":156,"caption":"Application Mobile Cheval"},"image":{"@id":"https:\/\/www.application-cheval.com\/#\/schema\/logo\/image\/"}}]}},"_links":{"self":[{"href":"https:\/\/www.application-cheval.com\/index.php\/wp-json\/wp\/v2\/pages\/519","targetHints":{"allow":["GET"]}}],"collection":[{"href":"https:\/\/www.application-cheval.com\/index.php\/wp-json\/wp\/v2\/pages"}],"about":[{"href":"https:\/\/www.application-cheval.com\/index.php\/wp-json\/wp\/v2\/types\/page"}],"author":[{"embeddable":true,"href":"https:\/\/www.application-cheval.com\/index.php\/wp-json\/wp\/v2\/users\/1"}],"replies":[{"embeddable":true,"href":"https:\/\/www.application-cheval.com\/index.php\/wp-json\/wp\/v2\/comments?post=519"}],"version-history":[{"count":16,"href":"https:\/\/www.application-cheval.com\/index.php\/wp-json\/wp\/v2\/pages\/519\/revisions"}],"predecessor-version":[{"id":1531,"href":"https:\/\/www.application-cheval.com\/index.php\/wp-json\/wp\/v2\/pages\/519\/revisions\/1531"}],"wp:attachment":[{"href":"https:\/\/www.application-cheval.com\/index.php\/wp-json\/wp\/v2\/media?parent=519"}],"curies":[{"name":"wp","href":"https:\/\/api.w.org\/{rel}","templated":true}]}}