{"id":639,"date":"2018-09-28T13:21:26","date_gmt":"2018-09-28T11:21:26","guid":{"rendered":"https:\/\/www.application-cheval.com\/?page_id=639"},"modified":"2018-12-14T11:23:54","modified_gmt":"2018-12-14T10:23:54","slug":"application-cheval-fonction-couts","status":"publish","type":"page","link":"https:\/\/www.application-cheval.com\/index.php\/application-cheval-fonction-couts\/","title":{"rendered":"Fabulhorse : Fonctionnalit\u00e9 co\u00fbts"},"content":{"rendered":"<div style='padding-bottom:10px; font-size:25px;' class='av-special-heading av-special-heading-h2  blockquote modern-quote modern-centered   av-inherit-size '><h2 class='av-special-heading-tag '  itemprop=\"headline\"  >Cavali\u00e8res, Cavaliers, aujourd\u2019hui d\u00e9couvrons ensemble<\/h2><div class='special-heading-border'><div class='special-heading-inner-border' ><\/div><\/div><\/div>\n<div class='avia-image-container  av-styling- av-hover-grow   avia-align-center '  itemprop=\"ImageObject\" itemscope=\"itemscope\" itemtype=\"https:\/\/schema.org\/ImageObject\"  ><div class='avia-image-container-inner'><div class='avia-image-overlay-wrap'><img class='avia_image ' src='https:\/\/www.application-cheval.com\/wp-content\/uploads\/2018\/09\/Logo-Fabulhorse-fond-43064E-495x400.png' alt='Fabulhorse application mobile, \u00e9quitation, cheval, chevaux, application equitation' title='Fabulhorse-Application Cheval' height=\"400\"width=\"495\"  itemprop=\"thumbnailUrl\"  \/><\/div><\/div><\/div>\n<\/div><\/div><\/div><!-- close content main div --><\/div><\/div><div id='av_section_1' class='avia-section main_color avia-section-default avia-no-border-styling avia-bg-style-scroll   container_wrap fullsize' style = 'background-image: '  ><div class='container' ><div class='template-page content  av-content-full alpha units'><div class='post-entry post-entry-type-page post-entry-639'><div class='entry-content-wrapper clearfix'>\n<section class=\"av_textblock_section \"  itemscope=\"itemscope\" itemtype=\"https:\/\/schema.org\/CreativeWork\" ><div class='avia_textblock  '  style='font-size:17px; '  itemprop=\"text\" ><p>Cavali\u00e8res, Cavaliers, aujourd&rsquo;hui nous allons d\u00e9couvrir une nouvelle application mobile r\u00e9volutionnaire, j&rsquo;ai nomm\u00e9 : Fabulhorse !<\/p>\n<p>Fabulhorse est une application mobile offrant \u00e0 son utilisateur un pack d&rsquo;outils tr\u00e8s complet.<br \/>\nTout d&rsquo;abord, nous nous concentrerons aujourd&rsquo;hui sur l&rsquo;un de ces outils : <a href=\"https:\/\/www.fabulhorse.com\/fr\/fonctionnalites\/#mysect5\" target=\"_blank\" rel=\"noopener\">La fonctionnalit\u00e9\u00a0co\u00fbts !<\/a><\/p>\n<p>Grace \u00e0 la fonctionnalit\u00e9 Co\u00fbts l&rsquo;utilisateur\u00a0 aura la possibilit\u00e9 de retrouver tous les frais qu&rsquo;il a engag\u00e9 pour ses chevaux.<br \/>\nR\u00e9parti en plusieurs onglets, vous pourrez facilement retrouver chaque\u00a0d\u00e9penses rang\u00e9e par cat\u00e9gories<br \/>\nDe plus, pour encore plus de praticit\u00e9, vous pourrez choisir une p\u00e9riode pour ne retrouver que les d\u00e9penses en rapport avec cette derni\u00e8re !<\/p>\n<p>Vous \u00eates toujours entrain de courir derri\u00e8re les <a href=\"https:\/\/www.fabulhorse.com\/fr\/fonctionnalites\/#mysect5\" target=\"_blank\" rel=\"noopener\">d\u00e9penses pour vos chevaux<\/a> ? Alors cette fonctionnalit\u00e9 de l&rsquo;application Fabulhorse est faite pour vous !<\/p>\n<p>D\u00e9couvrez \u00e9galement leur trailer !<br \/>\nEt si vous souhaitez en savoir plus, rendez-vous sur notre\u00a0 page :<a href=\"https:\/\/www.application-cheval.com\/index.php\/fabulhorse-pour-vous-et-votre-cheval\/\" target=\"_blank\" rel=\"noopener\"> Fabulhorse &#8211; Pour vous et votre cheval<\/a><br \/>\nOu sur le site internet :\u00a0<a href=\"https:\/\/www.fabulhorse.com\/\" target=\"_blank\" rel=\"noopener\">https:\/\/www.fabulhorse.com\/<\/a><\/p>\n<\/div><\/section>\n<div class='avia-video avia-video-16-9   av-lazyload-immediate  av-lazyload-video-embed  '   itemprop=\"video\" itemtype=\"https:\/\/schema.org\/VideoObject\"  data-original_url='https:\/\/www.youtube.com\/watch?v=MrgH3LEohYE' ><script type='text\/html' class='av-video-tmpl'><div class='avia-iframe-wrap'><iframe width=\"1500\" height=\"844\" src=\"https:\/\/www.youtube.com\/embed\/MrgH3LEohYE?feature=oembed\" frameborder=\"0\" allow=\"autoplay; encrypted-media\" allowfullscreen><\/iframe><\/div><\/script><div class='av-click-to-play-overlay'><div class=\"avia_playpause_icon\"><\/div><\/div><\/div>\n<div  class='hr hr-short hr-center  '><span class='hr-inner ' ><span class='hr-inner-style'><\/span><\/span><\/div><\/p>\n<div class='avia-builder-widget-area clearfix '><section id=\"pages-4\" class=\"widget clearfix widget_pages\"><h3 class=\"widgettitle\">Pages<\/h3>\n\t\t\t<ul>\n\t\t\t\t<li class=\"page_item page-item-2\"><a href=\"https:\/\/www.application-cheval.com\/\">Application cheval<\/a><\/li>\n<li class=\"page_item page-item-424\"><a href=\"https:\/\/www.application-cheval.com\/index.php\/arioneo\/\">ARIONEO, Le capteur de votre cheval<\/a><\/li>\n<li class=\"page_item page-item-282\"><a href=\"https:\/\/www.application-cheval.com\/index.php\/b-horse-loutil-de-gestion-de-votre-cheval\/\">B-Horse, l&rsquo;outil de gestion de votre cheval<\/a><\/li>\n<li class=\"page_item page-item-346\"><a href=\"https:\/\/www.application-cheval.com\/index.php\/cheval-annonce-la-reference-des-petites-annonces\/\">Cheval annonce, la r\u00e9f\u00e9rence des petites annonces<\/a><\/li>\n<li class=\"page_item page-item-407\"><a href=\"https:\/\/www.application-cheval.com\/index.php\/cheval-tv-vos-competitions-en-streaming\/\">Cheval TV, vos comp\u00e9titions en Streaming<\/a><\/li>\n<li class=\"page_item page-item-519\"><a href=\"https:\/\/www.application-cheval.com\/index.php\/contact-application-mobile-cheval\/\">Contact<\/a><\/li>\n<li class=\"page_item page-item-345\"><a href=\"https:\/\/www.application-cheval.com\/index.php\/destrier-bien-nourrir-son-cheval\/\">Destrier &#8211; Bien nourrir son cheval<\/a><\/li>\n<li class=\"page_item page-item-265\"><a href=\"https:\/\/www.application-cheval.com\/index.php\/equisense-motion-pack\/\">Equisense motion pack<\/a><\/li>\n<li class=\"page_item page-item-285\"><a href=\"https:\/\/www.application-cheval.com\/index.php\/equisure\/\">Equisure, la s\u00e9curit\u00e9 du cavalier et de son cheval<\/a><\/li>\n<li class=\"page_item page-item-724\"><a href=\"https:\/\/www.application-cheval.com\/index.php\/fabulhorse-pour-vous-et-votre-cheval\/\">Fabulhorse &#8211; Pour vous et votre cheval !<\/a><\/li>\n<li class=\"page_item page-item-620\"><a href=\"https:\/\/www.application-cheval.com\/index.php\/application-cheval-competitions\/\">Fabulhorse : Fonctionnalit\u00e9 comp\u00e9titions<\/a><\/li>\n<li class=\"page_item page-item-639\"><a href=\"https:\/\/www.application-cheval.com\/index.php\/application-cheval-fonction-couts\/\">Fabulhorse : Fonctionnalit\u00e9 co\u00fbts<\/a><\/li>\n<li class=\"page_item page-item-626\"><a href=\"https:\/\/www.application-cheval.com\/index.php\/application-cheval-sante\/\">Fabulhorse : Fonctionnalit\u00e9 sant\u00e9<\/a><\/li>\n<li class=\"page_item page-item-632\"><a href=\"https:\/\/www.application-cheval.com\/index.php\/application-cheval-fonction-transport\/\">Fabulhorse : Fonctionnalit\u00e9 transport<\/a><\/li>\n<li class=\"page_item page-item-646\"><a href=\"https:\/\/www.application-cheval.com\/index.php\/application-cheval-le-fil-devenements\/\">Fabulhorse : Le fil d&rsquo;\u00e9v\u00e9nements<\/a><\/li>\n<li class=\"page_item page-item-603\"><a href=\"https:\/\/www.application-cheval.com\/index.php\/application-cheval-promenades-et-entrainements\/\">Fabulhorse : Sorties et entra\u00eenements<\/a><\/li>\n<li class=\"page_item page-item-936\"><a href=\"https:\/\/www.application-cheval.com\/index.php\/horse-republic\/\">Horse Republic : le nouveau moteur de recherche des comp\u00e9titions \u00e9questres<\/a><\/li>\n<li class=\"page_item page-item-435\"><a href=\"https:\/\/www.application-cheval.com\/index.php\/kavale-by-kephyre\/\">Kavale by Kephyre, le kick-starter \u00e0 30.000\u20ac<\/a><\/li>\n<li class=\"page_item page-item-1461\"><a href=\"https:\/\/www.application-cheval.com\/index.php\/leperon\/\">L&rsquo;EPERON : Suivez toute l&rsquo;information sur les sports \u00e9questres<\/a><\/li>\n<li class=\"page_item page-item-1487\"><a href=\"https:\/\/www.application-cheval.com\/index.php\/pegasebuzz-linformation-qui-vous-passionne\/\">PegaseBuzz, l&rsquo;information qui vous passionne<\/a><\/li>\n<li class=\"page_item page-item-264\"><a href=\"https:\/\/www.application-cheval.com\/index.php\/royal-horse\/\">Royal Horse<\/a><\/li>\n<li class=\"page_item page-item-321\"><a href=\"https:\/\/www.application-cheval.com\/index.php\/runtastic\/\">Runtastic, l&rsquo;application multisportive<\/a><\/li>\n<li class=\"page_item page-item-889\"><a href=\"https:\/\/www.application-cheval.com\/index.php\/seaver-ou-equisense-le-comparatif\/\">Seaver ou Equisense, le comparatif !<\/a><\/li>\n<li class=\"page_item page-item-369\"><a href=\"https:\/\/www.application-cheval.com\/index.php\/seaver\/\">Seaver, les objets connect\u00e9s les plus aboutis \u00e0 ce jour<\/a><\/li>\n<li class=\"page_item page-item-322\"><a href=\"https:\/\/www.application-cheval.com\/index.php\/sensetrails\/\">Sensetrails &#8211; equiparcours<\/a><\/li>\n<li class=\"page_item page-item-196\"><a href=\"https:\/\/www.application-cheval.com\/index.php\/u-dada\/\">U-Dada gestion de son cheval mais pas que<\/a><\/li>\n\t\t\t<\/ul>\n\n\t\t\t<span class=\"seperator extralight-border\"><\/span><\/section><\/div>\n","protected":false},"excerpt":{"rendered":"","protected":false},"author":1,"featured_media":0,"parent":0,"menu_order":0,"comment_status":"closed","ping_status":"closed","template":"","meta":{"footnotes":""},"class_list":["post-639","page","type-page","status-publish","hentry"],"yoast_head":"<!-- This site is optimized with the Yoast SEO plugin v24.9 - https:\/\/yoast.com\/wordpress\/plugins\/seo\/ -->\n<title>Fabulhorse : Fonctionnalit\u00e9 co\u00fbts - Application Cheval<\/title>\n<meta name=\"description\" content=\"L&#039;application mobile la plus compl\u00e8te de l&#039;univers \u00e9questre pour tout Savoir, tout Voir en Temps R\u00e9el sur votre Cheval ! Co\u00fbts\" \/>\n<meta name=\"robots\" content=\"index, follow, max-snippet:-1, max-image-preview:large, max-video-preview:-1\" \/>\n<link rel=\"canonical\" href=\"https:\/\/www.application-cheval.com\/index.php\/application-cheval-fonction-couts\/\" \/>\n<meta property=\"og:locale\" content=\"fr_FR\" \/>\n<meta property=\"og:type\" content=\"article\" \/>\n<meta property=\"og:title\" content=\"Fabulhorse : Fonctionnalit\u00e9 co\u00fbts - Application Cheval\" \/>\n<meta property=\"og:description\" content=\"L&#039;application mobile la plus compl\u00e8te de l&#039;univers \u00e9questre pour tout Savoir, tout Voir en Temps R\u00e9el sur votre Cheval ! Co\u00fbts\" \/>\n<meta property=\"og:url\" content=\"https:\/\/www.application-cheval.com\/index.php\/application-cheval-fonction-couts\/\" \/>\n<meta property=\"og:site_name\" content=\"Application Cheval\" \/>\n<meta property=\"article:modified_time\" content=\"2018-12-14T10:23:54+00:00\" \/>\n<meta name=\"twitter:card\" content=\"summary_large_image\" \/>\n<meta name=\"twitter:label1\" content=\"Dur\u00e9e de lecture estim\u00e9e\" \/>\n\t<meta name=\"twitter:data1\" content=\"3 minutes\" \/>\n<script type=\"application\/ld+json\" class=\"yoast-schema-graph\">{\"@context\":\"https:\/\/schema.org\",\"@graph\":[{\"@type\":\"WebPage\",\"@id\":\"https:\/\/www.application-cheval.com\/index.php\/application-cheval-fonction-couts\/\",\"url\":\"https:\/\/www.application-cheval.com\/index.php\/application-cheval-fonction-couts\/\",\"name\":\"Fabulhorse : Fonctionnalit\u00e9 co\u00fbts - Application Cheval\",\"isPartOf\":{\"@id\":\"https:\/\/www.application-cheval.com\/#website\"},\"datePublished\":\"2018-09-28T11:21:26+00:00\",\"dateModified\":\"2018-12-14T10:23:54+00:00\",\"description\":\"L'application mobile la plus compl\u00e8te de l'univers \u00e9questre pour tout Savoir, tout Voir en Temps R\u00e9el sur votre Cheval ! Co\u00fbts\",\"breadcrumb\":{\"@id\":\"https:\/\/www.application-cheval.com\/index.php\/application-cheval-fonction-couts\/#breadcrumb\"},\"inLanguage\":\"fr-FR\",\"potentialAction\":[{\"@type\":\"ReadAction\",\"target\":[\"https:\/\/www.application-cheval.com\/index.php\/application-cheval-fonction-couts\/\"]}]},{\"@type\":\"BreadcrumbList\",\"@id\":\"https:\/\/www.application-cheval.com\/index.php\/application-cheval-fonction-couts\/#breadcrumb\",\"itemListElement\":[{\"@type\":\"ListItem\",\"position\":1,\"name\":\"Accueil\",\"item\":\"https:\/\/www.application-cheval.com\/\"},{\"@type\":\"ListItem\",\"position\":2,\"name\":\"Fabulhorse : Fonctionnalit\u00e9 co\u00fbts\"}]},{\"@type\":\"WebSite\",\"@id\":\"https:\/\/www.application-cheval.com\/#website\",\"url\":\"https:\/\/www.application-cheval.com\/\",\"name\":\"Application Cheval\",\"description\":\"Les meilleurs applications mobiles pour le cheval, le cavalier et l&#039;univers \u00e9questre\",\"publisher\":{\"@id\":\"https:\/\/www.application-cheval.com\/#organization\"},\"potentialAction\":[{\"@type\":\"SearchAction\",\"target\":{\"@type\":\"EntryPoint\",\"urlTemplate\":\"https:\/\/www.application-cheval.com\/?s={search_term_string}\"},\"query-input\":{\"@type\":\"PropertyValueSpecification\",\"valueRequired\":true,\"valueName\":\"search_term_string\"}}],\"inLanguage\":\"fr-FR\"},{\"@type\":\"Organization\",\"@id\":\"https:\/\/www.application-cheval.com\/#organization\",\"name\":\"Application Mobile Cheval\",\"url\":\"https:\/\/www.application-cheval.com\/\",\"logo\":{\"@type\":\"ImageObject\",\"inLanguage\":\"fr-FR\",\"@id\":\"https:\/\/www.application-cheval.com\/#\/schema\/logo\/image\/\",\"url\":\"https:\/\/www.application-cheval.com\/wp-content\/uploads\/2018\/09\/application-cheval-mobile-logo.jpg\",\"contentUrl\":\"https:\/\/www.application-cheval.com\/wp-content\/uploads\/2018\/09\/application-cheval-mobile-logo.jpg\",\"width\":340,\"height\":156,\"caption\":\"Application Mobile Cheval\"},\"image\":{\"@id\":\"https:\/\/www.application-cheval.com\/#\/schema\/logo\/image\/\"}}]}<\/script>\n<!-- \/ Yoast SEO plugin. -->","yoast_head_json":{"title":"Fabulhorse : Fonctionnalit\u00e9 co\u00fbts - Application Cheval","description":"L'application mobile la plus compl\u00e8te de l'univers \u00e9questre pour tout Savoir, tout Voir en Temps R\u00e9el sur votre Cheval ! Co\u00fbts","robots":{"index":"index","follow":"follow","max-snippet":"max-snippet:-1","max-image-preview":"max-image-preview:large","max-video-preview":"max-video-preview:-1"},"canonical":"https:\/\/www.application-cheval.com\/index.php\/application-cheval-fonction-couts\/","og_locale":"fr_FR","og_type":"article","og_title":"Fabulhorse : Fonctionnalit\u00e9 co\u00fbts - Application Cheval","og_description":"L'application mobile la plus compl\u00e8te de l'univers \u00e9questre pour tout Savoir, tout Voir en Temps R\u00e9el sur votre Cheval ! Co\u00fbts","og_url":"https:\/\/www.application-cheval.com\/index.php\/application-cheval-fonction-couts\/","og_site_name":"Application Cheval","article_modified_time":"2018-12-14T10:23:54+00:00","twitter_card":"summary_large_image","twitter_misc":{"Dur\u00e9e de lecture estim\u00e9e":"3 minutes"},"schema":{"@context":"https:\/\/schema.org","@graph":[{"@type":"WebPage","@id":"https:\/\/www.application-cheval.com\/index.php\/application-cheval-fonction-couts\/","url":"https:\/\/www.application-cheval.com\/index.php\/application-cheval-fonction-couts\/","name":"Fabulhorse : Fonctionnalit\u00e9 co\u00fbts - Application Cheval","isPartOf":{"@id":"https:\/\/www.application-cheval.com\/#website"},"datePublished":"2018-09-28T11:21:26+00:00","dateModified":"2018-12-14T10:23:54+00:00","description":"L'application mobile la plus compl\u00e8te de l'univers \u00e9questre pour tout Savoir, tout Voir en Temps R\u00e9el sur votre Cheval ! Co\u00fbts","breadcrumb":{"@id":"https:\/\/www.application-cheval.com\/index.php\/application-cheval-fonction-couts\/#breadcrumb"},"inLanguage":"fr-FR","potentialAction":[{"@type":"ReadAction","target":["https:\/\/www.application-cheval.com\/index.php\/application-cheval-fonction-couts\/"]}]},{"@type":"BreadcrumbList","@id":"https:\/\/www.application-cheval.com\/index.php\/application-cheval-fonction-couts\/#breadcrumb","itemListElement":[{"@type":"ListItem","position":1,"name":"Accueil","item":"https:\/\/www.application-cheval.com\/"},{"@type":"ListItem","position":2,"name":"Fabulhorse : Fonctionnalit\u00e9 co\u00fbts"}]},{"@type":"WebSite","@id":"https:\/\/www.application-cheval.com\/#website","url":"https:\/\/www.application-cheval.com\/","name":"Application Cheval","description":"Les meilleurs applications mobiles pour le cheval, le cavalier et l&#039;univers \u00e9questre","publisher":{"@id":"https:\/\/www.application-cheval.com\/#organization"},"potentialAction":[{"@type":"SearchAction","target":{"@type":"EntryPoint","urlTemplate":"https:\/\/www.application-cheval.com\/?s={search_term_string}"},"query-input":{"@type":"PropertyValueSpecification","valueRequired":true,"valueName":"search_term_string"}}],"inLanguage":"fr-FR"},{"@type":"Organization","@id":"https:\/\/www.application-cheval.com\/#organization","name":"Application Mobile Cheval","url":"https:\/\/www.application-cheval.com\/","logo":{"@type":"ImageObject","inLanguage":"fr-FR","@id":"https:\/\/www.application-cheval.com\/#\/schema\/logo\/image\/","url":"https:\/\/www.application-cheval.com\/wp-content\/uploads\/2018\/09\/application-cheval-mobile-logo.jpg","contentUrl":"https:\/\/www.application-cheval.com\/wp-content\/uploads\/2018\/09\/application-cheval-mobile-logo.jpg","width":340,"height":156,"caption":"Application Mobile Cheval"},"image":{"@id":"https:\/\/www.application-cheval.com\/#\/schema\/logo\/image\/"}}]}},"_links":{"self":[{"href":"https:\/\/www.application-cheval.com\/index.php\/wp-json\/wp\/v2\/pages\/639","targetHints":{"allow":["GET"]}}],"collection":[{"href":"https:\/\/www.application-cheval.com\/index.php\/wp-json\/wp\/v2\/pages"}],"about":[{"href":"https:\/\/www.application-cheval.com\/index.php\/wp-json\/wp\/v2\/types\/page"}],"author":[{"embeddable":true,"href":"https:\/\/www.application-cheval.com\/index.php\/wp-json\/wp\/v2\/users\/1"}],"replies":[{"embeddable":true,"href":"https:\/\/www.application-cheval.com\/index.php\/wp-json\/wp\/v2\/comments?post=639"}],"version-history":[{"count":13,"href":"https:\/\/www.application-cheval.com\/index.php\/wp-json\/wp\/v2\/pages\/639\/revisions"}],"predecessor-version":[{"id":918,"href":"https:\/\/www.application-cheval.com\/index.php\/wp-json\/wp\/v2\/pages\/639\/revisions\/918"}],"wp:attachment":[{"href":"https:\/\/www.application-cheval.com\/index.php\/wp-json\/wp\/v2\/media?parent=639"}],"curies":[{"name":"wp","href":"https:\/\/api.w.org\/{rel}","templated":true}]}}