{"id":724,"date":"2018-10-29T11:35:37","date_gmt":"2018-10-29T10:35:37","guid":{"rendered":"https:\/\/www.application-cheval.com\/?page_id=724"},"modified":"2023-04-27T11:40:30","modified_gmt":"2023-04-27T09:40:30","slug":"fabulhorse-pour-vous-et-votre-cheval","status":"publish","type":"page","link":"https:\/\/www.application-cheval.com\/index.php\/fabulhorse-pour-vous-et-votre-cheval\/","title":{"rendered":"Fabulhorse &#8211; Pour vous et votre cheval !"},"content":{"rendered":"<div style='padding-bottom:10px; font-size:25px;' class='av-special-heading av-special-heading-h2  blockquote modern-quote modern-centered   av-inherit-size '><h2 class='av-special-heading-tag '  itemprop=\"headline\"  >Cavali\u00e8res, Cavaliers, aujourd\u2019hui d\u00e9couvrons ensemble<\/h2><div class='special-heading-border'><div class='special-heading-inner-border' ><\/div><\/div><\/div>\n<div class='avia-image-container  av-styling- av-hover-grow   avia-align-center '  itemprop=\"ImageObject\" itemscope=\"itemscope\" itemtype=\"https:\/\/schema.org\/ImageObject\"  ><div class='avia-image-container-inner'><div class='avia-image-overlay-wrap'><img class='avia_image ' src='https:\/\/www.application-cheval.com\/wp-content\/uploads\/2018\/09\/Logo-Fabulhorse-fond-43064E-495x400.png' alt='Fabulhorse application mobile, \u00e9quitation, cheval, chevaux, application equitation' title='Fabulhorse-Application Cheval' height=\"400\"width=\"495\"  itemprop=\"thumbnailUrl\"  \/><\/div><\/div><\/div>\n<\/div><\/div><\/div><!-- close content main div --><\/div><\/div><div id='av_section_1' class='avia-section main_color avia-section-default avia-no-border-styling avia-bg-style-scroll   container_wrap fullsize' style = 'background-image: '  ><div class='container' ><div class='template-page content  av-content-full alpha units'><div class='post-entry post-entry-type-page post-entry-724'><div class='entry-content-wrapper clearfix'>\n<section class=\"av_textblock_section \"  itemscope=\"itemscope\" itemtype=\"https:\/\/schema.org\/CreativeWork\" ><div class='avia_textblock  '  style='font-size:17px; '  itemprop=\"text\" ><p>Cavali\u00e8res, Cavaliers, aujourd&rsquo;hui nous allons d\u00e9couvrir une nouvelle application mobile r\u00e9volutionnaire, j&rsquo;ai nomm\u00e9 : Fabulhorse !<\/p>\n<p>D\u00e9couvrez aussi <strong><a href=\"https:\/\/fabuldog.com\/\">Fabuldog<\/a><\/strong> un site partenaire pour d\u00e9couvrir tous les accessoires pour le chien haut de gamme ! Et ensuite, int\u00e9grez vos animaux, chien, cheval ou chat&#8230; dans l&rsquo;application Fabulhorse \ud83d\ude42<\/p>\n<p>Cette application mobile offre \u00e0 son utilisateur un pack d&rsquo;outils tr\u00e8s complet pour le suivi de son cheval.<\/p>\n<p>D\u00e9compos\u00e9e en plusieurs fonctionnalit\u00e9s, nous retrouverons notamment\u00a0 :<\/p>\n<ul>\n<li>La fonctionnalit\u00e9 sant\u00e9 qui vous permettra de :\u00a0planifier et budg\u00e9tiser vos prochaines visites m\u00e9dicales mais \u00e9galement de surveiller et pr\u00e9server la sant\u00e9 de votre cheval.<\/li>\n<\/ul>\n<p>A d\u00e9couvrir plus en d\u00e9tail sur notre page d\u00e9di\u00e9e : <span style=\"color: #808080;\"><strong><a style=\"color: #808080;\" href=\"https:\/\/www.application-cheval.com\/index.php\/application-cheval-sante\/\" target=\"_blank\" rel=\"noopener\">Fabulhorse &#8211;\u00a0 sant\u00e9<\/a><\/strong><\/span><\/p>\n<ul>\n<li>La fonctionnalit\u00e9 sorties et entra\u00eenements qui offre la possibilit\u00e9 d&rsquo;enregistrer et de partager vos entra\u00eenements, parcours de promenades, d&rsquo;analyser les r\u00e9sultats de votre cheval et de progresser en toute s\u00e9curit\u00e9 gr\u00e2ce \u00e0 l&rsquo;option \u00ab\u00a0sms en cas de chute\u00a0\u00bb con\u00e7ue pour envoyer un sms pr\u00e9-programmer avec vos coordonn\u00e9es actuelles \u00e0 un contact pr\u00e9-s\u00e9lectionn\u00e9.<\/li>\n<\/ul>\n<p>A venir d\u00e9couvrir sur notre page :<span style=\"color: #808080;\"><strong><a style=\"color: #808080;\" href=\"https:\/\/www.application-cheval.com\/index.php\/application-cheval-promenades-et-entrainements\/\" target=\"_blank\" rel=\"noopener\"> Fabulhorse &#8211; Sorties et entra\u00eenements\u00a0\u00a0<\/a><\/strong><\/span><\/p>\n<ul>\n<li>La fonctionnalit\u00e9 comp\u00e9titions avec laquelle vous pourrez noter vos performances et celles de votre cheval mais \u00e9galement partager vos participations aux concours et vos classements finaux<\/li>\n<\/ul>\n<p>Plus de d\u00e9tails disponible sur notre page :<span style=\"color: #808080;\"><strong> <a style=\"color: #808080;\" href=\"https:\/\/www.application-cheval.com\/index.php\/application-cheval-competitions\/\" target=\"_blank\" rel=\"noopener\">Fabulhorse &#8211; Comp\u00e9titions\u00a0<\/a><\/strong><\/span><\/p>\n<ul>\n<li>La fonctionnalit\u00e9 Transport qui met en avant fiabilit\u00e9 et s\u00e9curit\u00e9 et avec laquelle vous pourrez suivre en temps r\u00e9el le d\u00e9placement de votre cheval lors d\u00a0\u00bbun transport mais qui m\u00e9morisera \u00e9galement les temps pass\u00e9 sur chaque itin\u00e9raire.<\/li>\n<\/ul>\n<p>Toujours plus d&rsquo;infos sur notre page : <span style=\"color: #808080;\"><strong><a style=\"color: #808080;\" href=\"https:\/\/www.application-cheval.com\/index.php\/application-cheval-fonction-transport\/\" target=\"_blank\" rel=\"noopener\">Fabulhorse &#8211; Transport\u00a0<\/a><\/strong><\/span><\/p>\n<ul>\n<li>La fonctionnalit\u00e9 Co\u00fbts, qui vous donnera acc\u00e8s \u00e0 un v\u00e9ritable outil de gestion\u00a0 qui vous aidera \u00e0 suivre vos d\u00e9penses par dates et th\u00e9matiques et analysera les d\u00e9penses de vos comptes sans rien avoir \u00e0 calculer.<\/li>\n<\/ul>\n<p>Plus de d\u00e9tails sur notre page\u00a0 : <span style=\"color: #808080;\"><strong><a style=\"color: #808080;\" href=\"https:\/\/www.application-cheval.com\/index.php\/application-cheval-fonction-couts\/\" target=\"_blank\" rel=\"noopener\">Fabulhorse &#8211; Co\u00fbts<\/a><\/strong><\/span><\/p>\n<ul>\n<li>Et enfin la fonctionnalit\u00e9 Fil d&rsquo;\u00e9v\u00e9nements, qui met en avant toutes les actualit\u00e9s du monde \u00e9questre au m\u00eame endroit et avec laquelle vous pourrez d\u00e9couvrir toutes les derni\u00e8res informations importante.<\/li>\n<\/ul>\n<p>A venir d\u00e9couvrir sur notre page :<span style=\"color: #808080;\"> <strong><a style=\"color: #808080;\" href=\"https:\/\/www.application-cheval.com\/index.php\/application-cheval-le-fil-devenements\/\" target=\"_blank\" rel=\"noopener\">Fabulhorse &#8211; Fil d&rsquo;\u00e9v\u00e9nements<\/a><\/strong><\/span><\/p>\n<p>Tout cela, et bien d&rsquo;autres surprises sont\u00a0 \u00e0 venir d\u00e9couvrir dans l&rsquo;application et sur le site internet\u00a0 : <a href=\"https:\/\/www.fabulhorse.com\" target=\"_blank\" rel=\"noopener\">https:\/\/www.fabulhorse.com<\/a><\/p>\n<p>Envie d&rsquo;en voir plus ? alors d\u00e9couvrez le Trailer officiel !<\/p>\n<\/div><\/section>\n<div class='avia-video avia-video-16-9   av-lazyload-immediate  av-lazyload-video-embed  '   itemprop=\"video\" itemtype=\"https:\/\/schema.org\/VideoObject\"  data-original_url='https:\/\/www.youtube.com\/watch?v=Y5X46aWjgw8' ><script type='text\/html' class='av-video-tmpl'><div class='avia-iframe-wrap'><iframe width=\"1500\" height=\"844\" src=\"https:\/\/www.youtube.com\/embed\/Y5X46aWjgw8?feature=oembed\" frameborder=\"0\" allow=\"autoplay; encrypted-media\" allowfullscreen><\/iframe><\/div><\/script><div class='av-click-to-play-overlay'><div class=\"avia_playpause_icon\"><\/div><\/div><\/div>\n<div  class='hr hr-short hr-center  '><span class='hr-inner ' ><span class='hr-inner-style'><\/span><\/span><\/div>\n<div class='avia-builder-widget-area clearfix '><section id=\"pages-4\" class=\"widget clearfix widget_pages\"><h3 class=\"widgettitle\">Pages<\/h3>\n\t\t\t<ul>\n\t\t\t\t<li class=\"page_item page-item-2\"><a href=\"https:\/\/www.application-cheval.com\/\">Application cheval<\/a><\/li>\n<li class=\"page_item page-item-424\"><a href=\"https:\/\/www.application-cheval.com\/index.php\/arioneo\/\">ARIONEO, Le capteur de votre cheval<\/a><\/li>\n<li class=\"page_item page-item-282\"><a href=\"https:\/\/www.application-cheval.com\/index.php\/b-horse-loutil-de-gestion-de-votre-cheval\/\">B-Horse, l&rsquo;outil de gestion de votre cheval<\/a><\/li>\n<li class=\"page_item page-item-346\"><a href=\"https:\/\/www.application-cheval.com\/index.php\/cheval-annonce-la-reference-des-petites-annonces\/\">Cheval annonce, la r\u00e9f\u00e9rence des petites annonces<\/a><\/li>\n<li class=\"page_item page-item-407\"><a href=\"https:\/\/www.application-cheval.com\/index.php\/cheval-tv-vos-competitions-en-streaming\/\">Cheval TV, vos comp\u00e9titions en Streaming<\/a><\/li>\n<li class=\"page_item page-item-519\"><a href=\"https:\/\/www.application-cheval.com\/index.php\/contact-application-mobile-cheval\/\">Contact<\/a><\/li>\n<li class=\"page_item page-item-345\"><a href=\"https:\/\/www.application-cheval.com\/index.php\/destrier-bien-nourrir-son-cheval\/\">Destrier &#8211; Bien nourrir son cheval<\/a><\/li>\n<li class=\"page_item page-item-265\"><a href=\"https:\/\/www.application-cheval.com\/index.php\/equisense-motion-pack\/\">Equisense motion pack<\/a><\/li>\n<li class=\"page_item page-item-285\"><a href=\"https:\/\/www.application-cheval.com\/index.php\/equisure\/\">Equisure, la s\u00e9curit\u00e9 du cavalier et de son cheval<\/a><\/li>\n<li class=\"page_item page-item-724\"><a href=\"https:\/\/www.application-cheval.com\/index.php\/fabulhorse-pour-vous-et-votre-cheval\/\">Fabulhorse &#8211; Pour vous et votre cheval !<\/a><\/li>\n<li class=\"page_item page-item-620\"><a href=\"https:\/\/www.application-cheval.com\/index.php\/application-cheval-competitions\/\">Fabulhorse : Fonctionnalit\u00e9 comp\u00e9titions<\/a><\/li>\n<li class=\"page_item page-item-639\"><a href=\"https:\/\/www.application-cheval.com\/index.php\/application-cheval-fonction-couts\/\">Fabulhorse : Fonctionnalit\u00e9 co\u00fbts<\/a><\/li>\n<li class=\"page_item page-item-626\"><a href=\"https:\/\/www.application-cheval.com\/index.php\/application-cheval-sante\/\">Fabulhorse : Fonctionnalit\u00e9 sant\u00e9<\/a><\/li>\n<li class=\"page_item page-item-632\"><a href=\"https:\/\/www.application-cheval.com\/index.php\/application-cheval-fonction-transport\/\">Fabulhorse : Fonctionnalit\u00e9 transport<\/a><\/li>\n<li class=\"page_item page-item-646\"><a href=\"https:\/\/www.application-cheval.com\/index.php\/application-cheval-le-fil-devenements\/\">Fabulhorse : Le fil d&rsquo;\u00e9v\u00e9nements<\/a><\/li>\n<li class=\"page_item page-item-603\"><a href=\"https:\/\/www.application-cheval.com\/index.php\/application-cheval-promenades-et-entrainements\/\">Fabulhorse : Sorties et entra\u00eenements<\/a><\/li>\n<li class=\"page_item page-item-936\"><a href=\"https:\/\/www.application-cheval.com\/index.php\/horse-republic\/\">Horse Republic : le nouveau moteur de recherche des comp\u00e9titions \u00e9questres<\/a><\/li>\n<li class=\"page_item page-item-435\"><a href=\"https:\/\/www.application-cheval.com\/index.php\/kavale-by-kephyre\/\">Kavale by Kephyre, le kick-starter \u00e0 30.000\u20ac<\/a><\/li>\n<li class=\"page_item page-item-1461\"><a href=\"https:\/\/www.application-cheval.com\/index.php\/leperon\/\">L&rsquo;EPERON : Suivez toute l&rsquo;information sur les sports \u00e9questres<\/a><\/li>\n<li class=\"page_item page-item-1487\"><a href=\"https:\/\/www.application-cheval.com\/index.php\/pegasebuzz-linformation-qui-vous-passionne\/\">PegaseBuzz, l&rsquo;information qui vous passionne<\/a><\/li>\n<li class=\"page_item page-item-264\"><a href=\"https:\/\/www.application-cheval.com\/index.php\/royal-horse\/\">Royal Horse<\/a><\/li>\n<li class=\"page_item page-item-321\"><a href=\"https:\/\/www.application-cheval.com\/index.php\/runtastic\/\">Runtastic, l&rsquo;application multisportive<\/a><\/li>\n<li class=\"page_item page-item-889\"><a href=\"https:\/\/www.application-cheval.com\/index.php\/seaver-ou-equisense-le-comparatif\/\">Seaver ou Equisense, le comparatif !<\/a><\/li>\n<li class=\"page_item page-item-369\"><a href=\"https:\/\/www.application-cheval.com\/index.php\/seaver\/\">Seaver, les objets connect\u00e9s les plus aboutis \u00e0 ce jour<\/a><\/li>\n<li class=\"page_item page-item-322\"><a href=\"https:\/\/www.application-cheval.com\/index.php\/sensetrails\/\">Sensetrails &#8211; equiparcours<\/a><\/li>\n<li class=\"page_item page-item-196\"><a href=\"https:\/\/www.application-cheval.com\/index.php\/u-dada\/\">U-Dada gestion de son cheval mais pas que<\/a><\/li>\n\t\t\t<\/ul>\n\n\t\t\t<span class=\"seperator extralight-border\"><\/span><\/section><\/div><\/p>\n","protected":false},"excerpt":{"rendered":"","protected":false},"author":1,"featured_media":0,"parent":0,"menu_order":0,"comment_status":"closed","ping_status":"closed","template":"","meta":{"footnotes":""},"class_list":["post-724","page","type-page","status-publish","hentry"],"yoast_head":"<!-- This site is optimized with the Yoast SEO plugin v24.9 - https:\/\/yoast.com\/wordpress\/plugins\/seo\/ -->\n<title>Fabulhorse - Pour vous et votre cheval ! - Application Cheval<\/title>\n<meta name=\"description\" content=\"L&#039;application mobile la plus compl\u00e8te de l&#039;univers \u00e9questre pour tout Savoir, tout Voir en Temps R\u00e9el sur votre Cheval ! Be Fabulhorse !\" \/>\n<meta name=\"robots\" content=\"index, follow, max-snippet:-1, max-image-preview:large, max-video-preview:-1\" \/>\n<link rel=\"canonical\" href=\"https:\/\/www.application-cheval.com\/index.php\/fabulhorse-pour-vous-et-votre-cheval\/\" \/>\n<meta property=\"og:locale\" content=\"fr_FR\" \/>\n<meta property=\"og:type\" content=\"article\" \/>\n<meta property=\"og:title\" content=\"Fabulhorse - Pour vous et votre cheval ! - Application Cheval\" \/>\n<meta property=\"og:description\" content=\"L&#039;application mobile la plus compl\u00e8te de l&#039;univers \u00e9questre pour tout Savoir, tout Voir en Temps R\u00e9el sur votre Cheval ! Be Fabulhorse !\" \/>\n<meta property=\"og:url\" content=\"https:\/\/www.application-cheval.com\/index.php\/fabulhorse-pour-vous-et-votre-cheval\/\" \/>\n<meta property=\"og:site_name\" content=\"Application Cheval\" \/>\n<meta property=\"article:modified_time\" content=\"2023-04-27T09:40:30+00:00\" \/>\n<meta name=\"twitter:card\" content=\"summary_large_image\" \/>\n<meta name=\"twitter:label1\" content=\"Dur\u00e9e de lecture estim\u00e9e\" \/>\n\t<meta name=\"twitter:data1\" content=\"3 minutes\" \/>\n<script type=\"application\/ld+json\" class=\"yoast-schema-graph\">{\"@context\":\"https:\/\/schema.org\",\"@graph\":[{\"@type\":\"WebPage\",\"@id\":\"https:\/\/www.application-cheval.com\/index.php\/fabulhorse-pour-vous-et-votre-cheval\/\",\"url\":\"https:\/\/www.application-cheval.com\/index.php\/fabulhorse-pour-vous-et-votre-cheval\/\",\"name\":\"Fabulhorse - Pour vous et votre cheval ! - Application Cheval\",\"isPartOf\":{\"@id\":\"https:\/\/www.application-cheval.com\/#website\"},\"datePublished\":\"2018-10-29T10:35:37+00:00\",\"dateModified\":\"2023-04-27T09:40:30+00:00\",\"description\":\"L'application mobile la plus compl\u00e8te de l'univers \u00e9questre pour tout Savoir, tout Voir en Temps R\u00e9el sur votre Cheval ! Be Fabulhorse !\",\"breadcrumb\":{\"@id\":\"https:\/\/www.application-cheval.com\/index.php\/fabulhorse-pour-vous-et-votre-cheval\/#breadcrumb\"},\"inLanguage\":\"fr-FR\",\"potentialAction\":[{\"@type\":\"ReadAction\",\"target\":[\"https:\/\/www.application-cheval.com\/index.php\/fabulhorse-pour-vous-et-votre-cheval\/\"]}]},{\"@type\":\"BreadcrumbList\",\"@id\":\"https:\/\/www.application-cheval.com\/index.php\/fabulhorse-pour-vous-et-votre-cheval\/#breadcrumb\",\"itemListElement\":[{\"@type\":\"ListItem\",\"position\":1,\"name\":\"Accueil\",\"item\":\"https:\/\/www.application-cheval.com\/\"},{\"@type\":\"ListItem\",\"position\":2,\"name\":\"Fabulhorse &#8211; Pour vous et votre cheval !\"}]},{\"@type\":\"WebSite\",\"@id\":\"https:\/\/www.application-cheval.com\/#website\",\"url\":\"https:\/\/www.application-cheval.com\/\",\"name\":\"Application Cheval\",\"description\":\"Les meilleurs applications mobiles pour le cheval, le cavalier et l&#039;univers \u00e9questre\",\"publisher\":{\"@id\":\"https:\/\/www.application-cheval.com\/#organization\"},\"potentialAction\":[{\"@type\":\"SearchAction\",\"target\":{\"@type\":\"EntryPoint\",\"urlTemplate\":\"https:\/\/www.application-cheval.com\/?s={search_term_string}\"},\"query-input\":{\"@type\":\"PropertyValueSpecification\",\"valueRequired\":true,\"valueName\":\"search_term_string\"}}],\"inLanguage\":\"fr-FR\"},{\"@type\":\"Organization\",\"@id\":\"https:\/\/www.application-cheval.com\/#organization\",\"name\":\"Application Mobile Cheval\",\"url\":\"https:\/\/www.application-cheval.com\/\",\"logo\":{\"@type\":\"ImageObject\",\"inLanguage\":\"fr-FR\",\"@id\":\"https:\/\/www.application-cheval.com\/#\/schema\/logo\/image\/\",\"url\":\"https:\/\/www.application-cheval.com\/wp-content\/uploads\/2018\/09\/application-cheval-mobile-logo.jpg\",\"contentUrl\":\"https:\/\/www.application-cheval.com\/wp-content\/uploads\/2018\/09\/application-cheval-mobile-logo.jpg\",\"width\":340,\"height\":156,\"caption\":\"Application Mobile Cheval\"},\"image\":{\"@id\":\"https:\/\/www.application-cheval.com\/#\/schema\/logo\/image\/\"}}]}<\/script>\n<!-- \/ Yoast SEO plugin. -->","yoast_head_json":{"title":"Fabulhorse - Pour vous et votre cheval ! - Application Cheval","description":"L'application mobile la plus compl\u00e8te de l'univers \u00e9questre pour tout Savoir, tout Voir en Temps R\u00e9el sur votre Cheval ! Be Fabulhorse !","robots":{"index":"index","follow":"follow","max-snippet":"max-snippet:-1","max-image-preview":"max-image-preview:large","max-video-preview":"max-video-preview:-1"},"canonical":"https:\/\/www.application-cheval.com\/index.php\/fabulhorse-pour-vous-et-votre-cheval\/","og_locale":"fr_FR","og_type":"article","og_title":"Fabulhorse - Pour vous et votre cheval ! - Application Cheval","og_description":"L'application mobile la plus compl\u00e8te de l'univers \u00e9questre pour tout Savoir, tout Voir en Temps R\u00e9el sur votre Cheval ! Be Fabulhorse !","og_url":"https:\/\/www.application-cheval.com\/index.php\/fabulhorse-pour-vous-et-votre-cheval\/","og_site_name":"Application Cheval","article_modified_time":"2023-04-27T09:40:30+00:00","twitter_card":"summary_large_image","twitter_misc":{"Dur\u00e9e de lecture estim\u00e9e":"3 minutes"},"schema":{"@context":"https:\/\/schema.org","@graph":[{"@type":"WebPage","@id":"https:\/\/www.application-cheval.com\/index.php\/fabulhorse-pour-vous-et-votre-cheval\/","url":"https:\/\/www.application-cheval.com\/index.php\/fabulhorse-pour-vous-et-votre-cheval\/","name":"Fabulhorse - Pour vous et votre cheval ! - Application Cheval","isPartOf":{"@id":"https:\/\/www.application-cheval.com\/#website"},"datePublished":"2018-10-29T10:35:37+00:00","dateModified":"2023-04-27T09:40:30+00:00","description":"L'application mobile la plus compl\u00e8te de l'univers \u00e9questre pour tout Savoir, tout Voir en Temps R\u00e9el sur votre Cheval ! Be Fabulhorse !","breadcrumb":{"@id":"https:\/\/www.application-cheval.com\/index.php\/fabulhorse-pour-vous-et-votre-cheval\/#breadcrumb"},"inLanguage":"fr-FR","potentialAction":[{"@type":"ReadAction","target":["https:\/\/www.application-cheval.com\/index.php\/fabulhorse-pour-vous-et-votre-cheval\/"]}]},{"@type":"BreadcrumbList","@id":"https:\/\/www.application-cheval.com\/index.php\/fabulhorse-pour-vous-et-votre-cheval\/#breadcrumb","itemListElement":[{"@type":"ListItem","position":1,"name":"Accueil","item":"https:\/\/www.application-cheval.com\/"},{"@type":"ListItem","position":2,"name":"Fabulhorse &#8211; Pour vous et votre cheval !"}]},{"@type":"WebSite","@id":"https:\/\/www.application-cheval.com\/#website","url":"https:\/\/www.application-cheval.com\/","name":"Application Cheval","description":"Les meilleurs applications mobiles pour le cheval, le cavalier et l&#039;univers \u00e9questre","publisher":{"@id":"https:\/\/www.application-cheval.com\/#organization"},"potentialAction":[{"@type":"SearchAction","target":{"@type":"EntryPoint","urlTemplate":"https:\/\/www.application-cheval.com\/?s={search_term_string}"},"query-input":{"@type":"PropertyValueSpecification","valueRequired":true,"valueName":"search_term_string"}}],"inLanguage":"fr-FR"},{"@type":"Organization","@id":"https:\/\/www.application-cheval.com\/#organization","name":"Application Mobile Cheval","url":"https:\/\/www.application-cheval.com\/","logo":{"@type":"ImageObject","inLanguage":"fr-FR","@id":"https:\/\/www.application-cheval.com\/#\/schema\/logo\/image\/","url":"https:\/\/www.application-cheval.com\/wp-content\/uploads\/2018\/09\/application-cheval-mobile-logo.jpg","contentUrl":"https:\/\/www.application-cheval.com\/wp-content\/uploads\/2018\/09\/application-cheval-mobile-logo.jpg","width":340,"height":156,"caption":"Application Mobile Cheval"},"image":{"@id":"https:\/\/www.application-cheval.com\/#\/schema\/logo\/image\/"}}]}},"_links":{"self":[{"href":"https:\/\/www.application-cheval.com\/index.php\/wp-json\/wp\/v2\/pages\/724","targetHints":{"allow":["GET"]}}],"collection":[{"href":"https:\/\/www.application-cheval.com\/index.php\/wp-json\/wp\/v2\/pages"}],"about":[{"href":"https:\/\/www.application-cheval.com\/index.php\/wp-json\/wp\/v2\/types\/page"}],"author":[{"embeddable":true,"href":"https:\/\/www.application-cheval.com\/index.php\/wp-json\/wp\/v2\/users\/1"}],"replies":[{"embeddable":true,"href":"https:\/\/www.application-cheval.com\/index.php\/wp-json\/wp\/v2\/comments?post=724"}],"version-history":[{"count":20,"href":"https:\/\/www.application-cheval.com\/index.php\/wp-json\/wp\/v2\/pages\/724\/revisions"}],"predecessor-version":[{"id":1533,"href":"https:\/\/www.application-cheval.com\/index.php\/wp-json\/wp\/v2\/pages\/724\/revisions\/1533"}],"wp:attachment":[{"href":"https:\/\/www.application-cheval.com\/index.php\/wp-json\/wp\/v2\/media?parent=724"}],"curies":[{"name":"wp","href":"https:\/\/api.w.org\/{rel}","templated":true}]}}